{"id":461,"date":"2020-10-12T18:23:16","date_gmt":"2020-10-12T18:23:16","guid":{"rendered":"https:\/\/jahorinski-izlog.com\/?page_id=461"},"modified":"2020-11-09T15:25:10","modified_gmt":"2020-11-09T15:25:10","slug":"apartment-24","status":"publish","type":"page","link":"https:\/\/jahorinski-izlog.com\/sr\/accommodations\/apartment-24\/","title":{"rendered":"Apartman 24"},"content":{"rendered":"<p>dnevni boravak sa ugaonom garniturom na razvla\u010denje, dvije spava\u0107e sobe, svaka sa francuskim le\u017eajem, kuhinja, kupatilo. Predvi\u0111en za boravak 6 osoba<\/p>\n\n\n\n<figure class=\"wp-block-gallery columns-3 is-cropped\"><ul class=\"blocks-gallery-grid\"><li class=\"blocks-gallery-item\"><figure><img loading=\"lazy\" width=\"1024\" height=\"683\" src=\"https:\/\/jahorinski-izlog.com\/wp-content\/uploads\/2020\/11\/ap24-1-1024x683.jpg\" alt=\"\" data-id=\"614\" data-full-url=\"https:\/\/jahorinski-izlog.com\/wp-content\/uploads\/2020\/11\/ap24-1.jpg\" data-link=\"https:\/\/jahorinski-izlog.com\/accommodations\/apartment-24\/ap24-1\/\" class=\"wp-image-614\" srcset=\"https:\/\/jahorinski-izlog.com\/wp-content\/uploads\/2020\/11\/ap24-1-1024x683.jpg 1024w, https:\/\/jahorinski-izlog.com\/wp-content\/uploads\/2020\/11\/ap24-1-300x200.jpg 300w, https:\/\/jahorinski-izlog.com\/wp-content\/uploads\/2020\/11\/ap24-1-768x512.jpg 768w, https:\/\/jahorinski-izlog.com\/wp-content\/uploads\/2020\/11\/ap24-1-16x12.jpg 16w, https:\/\/jahorinski-izlog.com\/wp-content\/uploads\/2020\/11\/ap24-1-1170x781.jpg 1170w, https:\/\/jahorinski-izlog.com\/wp-content\/uploads\/2020\/11\/ap24-1.jpg 1200w\" sizes=\"(max-width: 1024px) 100vw, 1024px\" \/><\/figure><\/li><li class=\"blocks-gallery-item\"><figure><img loading=\"lazy\" width=\"1024\" height=\"683\" src=\"https:\/\/jahorinski-izlog.com\/wp-content\/uploads\/2020\/11\/ap24-2-1024x683.jpg\" alt=\"\" data-id=\"615\" data-full-url=\"https:\/\/jahorinski-izlog.com\/wp-content\/uploads\/2020\/11\/ap24-2.jpg\" data-link=\"https:\/\/jahorinski-izlog.com\/accommodations\/apartment-24\/ap24-2\/\" class=\"wp-image-615\" srcset=\"https:\/\/jahorinski-izlog.com\/wp-content\/uploads\/2020\/11\/ap24-2-1024x683.jpg 1024w, https:\/\/jahorinski-izlog.com\/wp-content\/uploads\/2020\/11\/ap24-2-300x200.jpg 300w, https:\/\/jahorinski-izlog.com\/wp-content\/uploads\/2020\/11\/ap24-2-768x512.jpg 768w, https:\/\/jahorinski-izlog.com\/wp-content\/uploads\/2020\/11\/ap24-2-16x12.jpg 16w, https:\/\/jahorinski-izlog.com\/wp-content\/uploads\/2020\/11\/ap24-2-1170x781.jpg 1170w, https:\/\/jahorinski-izlog.com\/wp-content\/uploads\/2020\/11\/ap24-2.jpg 1200w\" sizes=\"(max-width: 1024px) 100vw, 1024px\" \/><\/figure><\/li><li class=\"blocks-gallery-item\"><figure><img loading=\"lazy\" width=\"1024\" height=\"683\" src=\"https:\/\/jahorinski-izlog.com\/wp-content\/uploads\/2020\/11\/ap24-03-1024x683.jpg\" alt=\"\" data-id=\"616\" data-full-url=\"https:\/\/jahorinski-izlog.com\/wp-content\/uploads\/2020\/11\/ap24-03.jpg\" data-link=\"https:\/\/jahorinski-izlog.com\/accommodations\/apartment-24\/ap24-03\/\" class=\"wp-image-616\" srcset=\"https:\/\/jahorinski-izlog.com\/wp-content\/uploads\/2020\/11\/ap24-03-1024x683.jpg 1024w, https:\/\/jahorinski-izlog.com\/wp-content\/uploads\/2020\/11\/ap24-03-300x200.jpg 300w, https:\/\/jahorinski-izlog.com\/wp-content\/uploads\/2020\/11\/ap24-03-768x512.jpg 768w, https:\/\/jahorinski-izlog.com\/wp-content\/uploads\/2020\/11\/ap24-03-16x12.jpg 16w, https:\/\/jahorinski-izlog.com\/wp-content\/uploads\/2020\/11\/ap24-03-1170x781.jpg 1170w, https:\/\/jahorinski-izlog.com\/wp-content\/uploads\/2020\/11\/ap24-03.jpg 1200w\" sizes=\"(max-width: 1024px) 100vw, 1024px\" \/><\/figure><\/li><li class=\"blocks-gallery-item\"><figure><img loading=\"lazy\" width=\"1024\" height=\"683\" src=\"https:\/\/jahorinski-izlog.com\/wp-content\/uploads\/2020\/11\/ap24-05-1024x683.jpg\" alt=\"\" data-id=\"617\" data-full-url=\"https:\/\/jahorinski-izlog.com\/wp-content\/uploads\/2020\/11\/ap24-05.jpg\" data-link=\"https:\/\/jahorinski-izlog.com\/accommodations\/apartment-24\/ap24-05\/\" class=\"wp-image-617\" srcset=\"https:\/\/jahorinski-izlog.com\/wp-content\/uploads\/2020\/11\/ap24-05-1024x683.jpg 1024w, https:\/\/jahorinski-izlog.com\/wp-content\/uploads\/2020\/11\/ap24-05-300x200.jpg 300w, https:\/\/jahorinski-izlog.com\/wp-content\/uploads\/2020\/11\/ap24-05-768x512.jpg 768w, https:\/\/jahorinski-izlog.com\/wp-content\/uploads\/2020\/11\/ap24-05-16x12.jpg 16w, https:\/\/jahorinski-izlog.com\/wp-content\/uploads\/2020\/11\/ap24-05-1170x781.jpg 1170w, https:\/\/jahorinski-izlog.com\/wp-content\/uploads\/2020\/11\/ap24-05.jpg 1200w\" sizes=\"(max-width: 1024px) 100vw, 1024px\" \/><\/figure><\/li><li class=\"blocks-gallery-item\"><figure><img loading=\"lazy\" width=\"1024\" height=\"683\" src=\"https:\/\/jahorinski-izlog.com\/wp-content\/uploads\/2020\/11\/ap24-06-1024x683.jpg\" alt=\"\" data-id=\"618\" data-full-url=\"https:\/\/jahorinski-izlog.com\/wp-content\/uploads\/2020\/11\/ap24-06.jpg\" data-link=\"https:\/\/jahorinski-izlog.com\/accommodations\/apartment-24\/ap24-06\/\" class=\"wp-image-618\" srcset=\"https:\/\/jahorinski-izlog.com\/wp-content\/uploads\/2020\/11\/ap24-06-1024x683.jpg 1024w, https:\/\/jahorinski-izlog.com\/wp-content\/uploads\/2020\/11\/ap24-06-300x200.jpg 300w, https:\/\/jahorinski-izlog.com\/wp-content\/uploads\/2020\/11\/ap24-06-768x512.jpg 768w, https:\/\/jahorinski-izlog.com\/wp-content\/uploads\/2020\/11\/ap24-06-16x12.jpg 16w, https:\/\/jahorinski-izlog.com\/wp-content\/uploads\/2020\/11\/ap24-06-1170x781.jpg 1170w, https:\/\/jahorinski-izlog.com\/wp-content\/uploads\/2020\/11\/ap24-06.jpg 1200w\" sizes=\"(max-width: 1024px) 100vw, 1024px\" \/><\/figure><\/li><li class=\"blocks-gallery-item\"><figure><img loading=\"lazy\" width=\"1024\" height=\"683\" src=\"https:\/\/jahorinski-izlog.com\/wp-content\/uploads\/2020\/11\/ap24-07-1024x683.jpg\" alt=\"\" data-id=\"619\" data-full-url=\"https:\/\/jahorinski-izlog.com\/wp-content\/uploads\/2020\/11\/ap24-07.jpg\" data-link=\"https:\/\/jahorinski-izlog.com\/accommodations\/apartment-24\/ap24-07\/\" class=\"wp-image-619\" srcset=\"https:\/\/jahorinski-izlog.com\/wp-content\/uploads\/2020\/11\/ap24-07-1024x683.jpg 1024w, https:\/\/jahorinski-izlog.com\/wp-content\/uploads\/2020\/11\/ap24-07-300x200.jpg 300w, https:\/\/jahorinski-izlog.com\/wp-content\/uploads\/2020\/11\/ap24-07-768x512.jpg 768w, https:\/\/jahorinski-izlog.com\/wp-content\/uploads\/2020\/11\/ap24-07-16x12.jpg 16w, https:\/\/jahorinski-izlog.com\/wp-content\/uploads\/2020\/11\/ap24-07-1170x781.jpg 1170w, https:\/\/jahorinski-izlog.com\/wp-content\/uploads\/2020\/11\/ap24-07.jpg 1200w\" sizes=\"(max-width: 1024px) 100vw, 1024px\" \/><\/figure><\/li><li class=\"blocks-gallery-item\"><figure><img loading=\"lazy\" width=\"1024\" height=\"683\" src=\"https:\/\/jahorinski-izlog.com\/wp-content\/uploads\/2020\/11\/ap24-8-1024x683.jpg\" alt=\"\" data-id=\"620\" data-full-url=\"https:\/\/jahorinski-izlog.com\/wp-content\/uploads\/2020\/11\/ap24-8.jpg\" data-link=\"https:\/\/jahorinski-izlog.com\/accommodations\/apartment-24\/ap24-8\/\" class=\"wp-image-620\" srcset=\"https:\/\/jahorinski-izlog.com\/wp-content\/uploads\/2020\/11\/ap24-8-1024x683.jpg 1024w, https:\/\/jahorinski-izlog.com\/wp-content\/uploads\/2020\/11\/ap24-8-300x200.jpg 300w, https:\/\/jahorinski-izlog.com\/wp-content\/uploads\/2020\/11\/ap24-8-768x512.jpg 768w, https:\/\/jahorinski-izlog.com\/wp-content\/uploads\/2020\/11\/ap24-8-16x12.jpg 16w, https:\/\/jahorinski-izlog.com\/wp-content\/uploads\/2020\/11\/ap24-8-1170x781.jpg 1170w, https:\/\/jahorinski-izlog.com\/wp-content\/uploads\/2020\/11\/ap24-8.jpg 1200w\" sizes=\"(max-width: 1024px) 100vw, 1024px\" \/><\/figure><\/li><li class=\"blocks-gallery-item\"><figure><img loading=\"lazy\" width=\"683\" height=\"1024\" src=\"https:\/\/jahorinski-izlog.com\/wp-content\/uploads\/2020\/11\/ap24-9-683x1024.jpg\" alt=\"\" data-id=\"621\" data-full-url=\"https:\/\/jahorinski-izlog.com\/wp-content\/uploads\/2020\/11\/ap24-9.jpg\" data-link=\"https:\/\/jahorinski-izlog.com\/accommodations\/apartment-24\/ap24-9\/\" class=\"wp-image-621\" srcset=\"https:\/\/jahorinski-izlog.com\/wp-content\/uploads\/2020\/11\/ap24-9-683x1024.jpg 683w, https:\/\/jahorinski-izlog.com\/wp-content\/uploads\/2020\/11\/ap24-9-200x300.jpg 200w, https:\/\/jahorinski-izlog.com\/wp-content\/uploads\/2020\/11\/ap24-9-768x1152.jpg 768w, https:\/\/jahorinski-izlog.com\/wp-content\/uploads\/2020\/11\/ap24-9-8x12.jpg 8w, https:\/\/jahorinski-izlog.com\/wp-content\/uploads\/2020\/11\/ap24-9.jpg 800w\" sizes=\"(max-width: 683px) 100vw, 683px\" \/><\/figure><\/li><\/ul><\/figure>\n\n\n<div role=\"form\" class=\"wpcf7\" id=\"wpcf7-f483-o1\" lang=\"en-US\" dir=\"ltr\">\n<div class=\"screen-reader-response\" role=\"alert\" aria-live=\"polite\"><\/div>\n<form action=\"\/sr\/wp-json\/wp\/v2\/pages\/461#wpcf7-f483-o1\" method=\"post\" class=\"wpcf7-form init\" novalidate=\"novalidate\" data-trp-original-action=\"\/sr\/wp-json\/wp\/v2\/pages\/461#wpcf7-f483-o1\">\n<div style=\"display: none;\">\n<input type=\"hidden\" name=\"_wpcf7\" value=\"483\" \/>\n<input type=\"hidden\" name=\"_wpcf7_version\" value=\"5.2.2\" \/>\n<input type=\"hidden\" name=\"_wpcf7_locale\" value=\"en_US\" \/>\n<input type=\"hidden\" name=\"_wpcf7_unit_tag\" value=\"wpcf7-f483-o1\" \/>\n<input type=\"hidden\" name=\"_wpcf7_container_post\" value=\"0\" \/>\n<input type=\"hidden\" name=\"_wpcf7_posted_data_hash\" value=\"\" \/>\n<\/div>\n<p>Rezervi\u0161ite Va\u0161 odmor<\/p>\n<p><label> Ime (Obavezno)<br \/>\n    <span class=\"wpcf7-form-control-wrap your-name\"><input type=\"text\" name=\"your-name\" value=\"\" size=\"40\" class=\"wpcf7-form-control wpcf7-text wpcf7-validates-as-required\" aria-required=\"true\" aria-invalid=\"false\" \/><\/span> <\/label><br \/>\n<label> Broj telefona \/ Viber \/ WhatsApp (Obavezno)<br \/>\n<span class=\"wpcf7-form-control-wrap tel-229\"><input type=\"tel\" name=\"tel-229\" value=\"\" size=\"40\" class=\"wpcf7-form-control wpcf7-text wpcf7-tel wpcf7-validates-as-required wpcf7-validates-as-tel\" aria-required=\"true\" aria-invalid=\"false\" \/><\/span><br \/>\n    <\/label><br \/>\n<label> Email (Obavezno)<br \/>\n    <span class=\"wpcf7-form-control-wrap your-email\"><input type=\"email\" name=\"your-email\" value=\"\" size=\"40\" class=\"wpcf7-form-control wpcf7-text wpcf7-email wpcf7-validates-as-required wpcf7-validates-as-email\" aria-required=\"true\" aria-invalid=\"false\" \/><\/span> <\/label><br \/>\n<label> Prijavljivanje<br \/>\n<span class=\"wpcf7-form-control-wrap date-863\"><input type=\"date\" name=\"date-863\" value=\"\" class=\"wpcf7-form-control wpcf7-date wpcf7-validates-as-date\" min=\"2020-12-01\" max=\"2021-03-31\" aria-invalid=\"false\" \/><\/span> <\/label><br \/>\n<label> Odjavljivanje<br \/>\n<span class=\"wpcf7-form-control-wrap date-864\"><input type=\"date\" name=\"date-864\" value=\"\" class=\"wpcf7-form-control wpcf7-date wpcf7-validates-as-date\" min=\"2020-12-01\" max=\"2021-03-31\" aria-invalid=\"false\" \/><\/span> <\/label><br \/>\nKako \u017eelite da Vas kontaktiramo<br \/>\n<span class=\"wpcf7-form-control-wrap checkbox-520\"><span class=\"wpcf7-form-control wpcf7-checkbox\"><span class=\"wpcf7-list-item first\"><label><input type=\"checkbox\" name=\"checkbox-520[]\" value=\"Viber\" \/><span class=\"wpcf7-list-item-label\">Viber<\/span><\/label><\/span><span class=\"wpcf7-list-item\"><label><input type=\"checkbox\" name=\"checkbox-520[]\" value=\"Whats App\" \/><span class=\"wpcf7-list-item-label\">Whats App<\/span><\/label><\/span><span class=\"wpcf7-list-item last\"><label><input type=\"checkbox\" name=\"checkbox-520[]\" value=\"Mobile Phone\" \/><span class=\"wpcf7-list-item-label\">Mobile Phone<\/span><\/label><\/span><\/span><\/span><br \/>\n<label> Poruka<br \/>\n    <span class=\"wpcf7-form-control-wrap your-message\"><textarea name=\"your-message\" cols=\"40\" rows=\"10\" class=\"wpcf7-form-control wpcf7-textarea\" aria-invalid=\"false\"><\/textarea><\/span> <\/label><\/p>\n<p><input type=\"submit\" value=\"Po\u0161alji\" class=\"wpcf7-form-control wpcf7-submit\" \/><\/p>\n<div class=\"wpcf7-response-output\" role=\"alert\" aria-hidden=\"true\"><\/div><input type=\"hidden\" name=\"trp-form-language\" value=\"sr\"\/><\/form><\/div>","protected":false},"excerpt":{"rendered":"<p>dnevni boravak sa ugaonom garniturom na razvla\u010denje, dvije spava\u0107e sobe, svaka sa francuskim le\u017eajem, kuhinja, kupatilo. Predvi\u0111en za boravak 6 osoba<\/p>","protected":false},"author":1,"featured_media":0,"parent":437,"menu_order":0,"comment_status":"closed","ping_status":"closed","template":"","meta":[],"_links":{"self":[{"href":"https:\/\/jahorinski-izlog.com\/sr\/wp-json\/wp\/v2\/pages\/461"}],"collection":[{"href":"https:\/\/jahorinski-izlog.com\/sr\/wp-json\/wp\/v2\/pages"}],"about":[{"href":"https:\/\/jahorinski-izlog.com\/sr\/wp-json\/wp\/v2\/types\/page"}],"author":[{"embeddable":true,"href":"https:\/\/jahorinski-izlog.com\/sr\/wp-json\/wp\/v2\/users\/1"}],"replies":[{"embeddable":true,"href":"https:\/\/jahorinski-izlog.com\/sr\/wp-json\/wp\/v2\/comments?post=461"}],"version-history":[{"count":4,"href":"https:\/\/jahorinski-izlog.com\/sr\/wp-json\/wp\/v2\/pages\/461\/revisions"}],"predecessor-version":[{"id":673,"href":"https:\/\/jahorinski-izlog.com\/sr\/wp-json\/wp\/v2\/pages\/461\/revisions\/673"}],"up":[{"embeddable":true,"href":"https:\/\/jahorinski-izlog.com\/sr\/wp-json\/wp\/v2\/pages\/437"}],"wp:attachment":[{"href":"https:\/\/jahorinski-izlog.com\/sr\/wp-json\/wp\/v2\/media?parent=461"}],"curies":[{"name":"wp","href":"https:\/\/api.w.org\/{rel}","templated":true}]}}