{"id":467,"date":"2020-10-12T18:24:24","date_gmt":"2020-10-12T18:24:24","guid":{"rendered":"https:\/\/jahorinski-izlog.com\/?page_id=467"},"modified":"2020-11-04T14:45:10","modified_gmt":"2020-11-04T14:45:10","slug":"apartment-32-lux","status":"publish","type":"page","link":"https:\/\/jahorinski-izlog.com\/sr\/accommodations\/apartment-32-lux\/","title":{"rendered":"Apartman 32 LUX"},"content":{"rendered":"<p>Najlep\u0161i apartman u ponudi, na dve eta\u017ee. Na donjem nivou su dve spava\u0107e sobe sa velikm francuskim le\u017eajem, kupatilo sa velikom kadom uz pogled na stazu. Na drugu eta\u017eu vodi stepeni\u0161te gde je dnevni boravak sa kaminom, ugaonom garniturom na razvla\u010denje i dvosjedom na razvla\u010denje, kuhinjom i velikim stolom. Predvi\u0111en za boravak 6 osoba\/ max 8<\/p>\n\n\n\n<figure class=\"wp-block-gallery columns-3 is-cropped\"><ul class=\"blocks-gallery-grid\"><li class=\"blocks-gallery-item\"><figure><img loading=\"lazy\" width=\"1024\" height=\"683\" src=\"https:\/\/jahorinski-izlog.com\/wp-content\/uploads\/2020\/11\/ap32-02-1024x683.jpg\" alt=\"\" data-id=\"632\" data-full-url=\"https:\/\/jahorinski-izlog.com\/wp-content\/uploads\/2020\/11\/ap32-02.jpg\" data-link=\"https:\/\/jahorinski-izlog.com\/accommodations\/apartment-32-lux\/ap32-02\/\" class=\"wp-image-632\" srcset=\"https:\/\/jahorinski-izlog.com\/wp-content\/uploads\/2020\/11\/ap32-02-1024x683.jpg 1024w, https:\/\/jahorinski-izlog.com\/wp-content\/uploads\/2020\/11\/ap32-02-300x200.jpg 300w, https:\/\/jahorinski-izlog.com\/wp-content\/uploads\/2020\/11\/ap32-02-768x512.jpg 768w, https:\/\/jahorinski-izlog.com\/wp-content\/uploads\/2020\/11\/ap32-02-16x12.jpg 16w, https:\/\/jahorinski-izlog.com\/wp-content\/uploads\/2020\/11\/ap32-02-1170x781.jpg 1170w, https:\/\/jahorinski-izlog.com\/wp-content\/uploads\/2020\/11\/ap32-02.jpg 1200w\" sizes=\"(max-width: 1024px) 100vw, 1024px\" \/><\/figure><\/li><li class=\"blocks-gallery-item\"><figure><img loading=\"lazy\" width=\"1024\" height=\"683\" src=\"https:\/\/jahorinski-izlog.com\/wp-content\/uploads\/2020\/11\/ap32-04-1024x683.jpg\" alt=\"\" data-id=\"633\" data-full-url=\"https:\/\/jahorinski-izlog.com\/wp-content\/uploads\/2020\/11\/ap32-04.jpg\" data-link=\"https:\/\/jahorinski-izlog.com\/accommodations\/apartment-32-lux\/ap32-04\/\" class=\"wp-image-633\" srcset=\"https:\/\/jahorinski-izlog.com\/wp-content\/uploads\/2020\/11\/ap32-04-1024x683.jpg 1024w, https:\/\/jahorinski-izlog.com\/wp-content\/uploads\/2020\/11\/ap32-04-300x200.jpg 300w, https:\/\/jahorinski-izlog.com\/wp-content\/uploads\/2020\/11\/ap32-04-768x512.jpg 768w, https:\/\/jahorinski-izlog.com\/wp-content\/uploads\/2020\/11\/ap32-04-16x12.jpg 16w, https:\/\/jahorinski-izlog.com\/wp-content\/uploads\/2020\/11\/ap32-04-1170x781.jpg 1170w, https:\/\/jahorinski-izlog.com\/wp-content\/uploads\/2020\/11\/ap32-04.jpg 1200w\" sizes=\"(max-width: 1024px) 100vw, 1024px\" \/><\/figure><\/li><li class=\"blocks-gallery-item\"><figure><img loading=\"lazy\" width=\"1024\" height=\"683\" src=\"https:\/\/jahorinski-izlog.com\/wp-content\/uploads\/2020\/11\/ap32-05-1024x683.jpg\" alt=\"\" data-id=\"634\" data-full-url=\"https:\/\/jahorinski-izlog.com\/wp-content\/uploads\/2020\/11\/ap32-05.jpg\" data-link=\"https:\/\/jahorinski-izlog.com\/accommodations\/apartment-32-lux\/ap32-05\/\" class=\"wp-image-634\" srcset=\"https:\/\/jahorinski-izlog.com\/wp-content\/uploads\/2020\/11\/ap32-05-1024x683.jpg 1024w, https:\/\/jahorinski-izlog.com\/wp-content\/uploads\/2020\/11\/ap32-05-300x200.jpg 300w, https:\/\/jahorinski-izlog.com\/wp-content\/uploads\/2020\/11\/ap32-05-768x512.jpg 768w, https:\/\/jahorinski-izlog.com\/wp-content\/uploads\/2020\/11\/ap32-05-16x12.jpg 16w, https:\/\/jahorinski-izlog.com\/wp-content\/uploads\/2020\/11\/ap32-05-1170x781.jpg 1170w, https:\/\/jahorinski-izlog.com\/wp-content\/uploads\/2020\/11\/ap32-05.jpg 1200w\" sizes=\"(max-width: 1024px) 100vw, 1024px\" \/><\/figure><\/li><li class=\"blocks-gallery-item\"><figure><img loading=\"lazy\" width=\"1024\" height=\"683\" src=\"https:\/\/jahorinski-izlog.com\/wp-content\/uploads\/2020\/11\/ap32-06-1024x683.jpg\" alt=\"\" data-id=\"635\" data-full-url=\"https:\/\/jahorinski-izlog.com\/wp-content\/uploads\/2020\/11\/ap32-06.jpg\" data-link=\"https:\/\/jahorinski-izlog.com\/accommodations\/apartment-32-lux\/ap32-06\/\" class=\"wp-image-635\" srcset=\"https:\/\/jahorinski-izlog.com\/wp-content\/uploads\/2020\/11\/ap32-06-1024x683.jpg 1024w, https:\/\/jahorinski-izlog.com\/wp-content\/uploads\/2020\/11\/ap32-06-300x200.jpg 300w, https:\/\/jahorinski-izlog.com\/wp-content\/uploads\/2020\/11\/ap32-06-768x512.jpg 768w, https:\/\/jahorinski-izlog.com\/wp-content\/uploads\/2020\/11\/ap32-06-16x12.jpg 16w, https:\/\/jahorinski-izlog.com\/wp-content\/uploads\/2020\/11\/ap32-06-1170x781.jpg 1170w, https:\/\/jahorinski-izlog.com\/wp-content\/uploads\/2020\/11\/ap32-06.jpg 1200w\" sizes=\"(max-width: 1024px) 100vw, 1024px\" \/><\/figure><\/li><li class=\"blocks-gallery-item\"><figure><img loading=\"lazy\" width=\"1024\" height=\"683\" src=\"https:\/\/jahorinski-izlog.com\/wp-content\/uploads\/2020\/11\/ap32-07-1024x683.jpg\" alt=\"\" data-id=\"636\" data-full-url=\"https:\/\/jahorinski-izlog.com\/wp-content\/uploads\/2020\/11\/ap32-07.jpg\" data-link=\"https:\/\/jahorinski-izlog.com\/accommodations\/apartment-32-lux\/ap32-07\/\" class=\"wp-image-636\" srcset=\"https:\/\/jahorinski-izlog.com\/wp-content\/uploads\/2020\/11\/ap32-07-1024x683.jpg 1024w, https:\/\/jahorinski-izlog.com\/wp-content\/uploads\/2020\/11\/ap32-07-300x200.jpg 300w, https:\/\/jahorinski-izlog.com\/wp-content\/uploads\/2020\/11\/ap32-07-768x512.jpg 768w, https:\/\/jahorinski-izlog.com\/wp-content\/uploads\/2020\/11\/ap32-07-16x12.jpg 16w, https:\/\/jahorinski-izlog.com\/wp-content\/uploads\/2020\/11\/ap32-07-1170x781.jpg 1170w, https:\/\/jahorinski-izlog.com\/wp-content\/uploads\/2020\/11\/ap32-07.jpg 1200w\" sizes=\"(max-width: 1024px) 100vw, 1024px\" \/><\/figure><\/li><li class=\"blocks-gallery-item\"><figure><img loading=\"lazy\" width=\"1024\" height=\"683\" src=\"https:\/\/jahorinski-izlog.com\/wp-content\/uploads\/2020\/11\/ap32-09-1024x683.jpg\" alt=\"\" data-id=\"637\" data-full-url=\"https:\/\/jahorinski-izlog.com\/wp-content\/uploads\/2020\/11\/ap32-09.jpg\" data-link=\"https:\/\/jahorinski-izlog.com\/accommodations\/apartment-32-lux\/ap32-09\/\" class=\"wp-image-637\" srcset=\"https:\/\/jahorinski-izlog.com\/wp-content\/uploads\/2020\/11\/ap32-09-1024x683.jpg 1024w, https:\/\/jahorinski-izlog.com\/wp-content\/uploads\/2020\/11\/ap32-09-300x200.jpg 300w, https:\/\/jahorinski-izlog.com\/wp-content\/uploads\/2020\/11\/ap32-09-768x512.jpg 768w, https:\/\/jahorinski-izlog.com\/wp-content\/uploads\/2020\/11\/ap32-09-16x12.jpg 16w, https:\/\/jahorinski-izlog.com\/wp-content\/uploads\/2020\/11\/ap32-09-1170x781.jpg 1170w, https:\/\/jahorinski-izlog.com\/wp-content\/uploads\/2020\/11\/ap32-09.jpg 1200w\" sizes=\"(max-width: 1024px) 100vw, 1024px\" \/><\/figure><\/li><li class=\"blocks-gallery-item\"><figure><img loading=\"lazy\" width=\"1024\" height=\"683\" src=\"https:\/\/jahorinski-izlog.com\/wp-content\/uploads\/2020\/11\/ap32-11-1024x683.jpg\" alt=\"\" data-id=\"638\" data-full-url=\"https:\/\/jahorinski-izlog.com\/wp-content\/uploads\/2020\/11\/ap32-11.jpg\" data-link=\"https:\/\/jahorinski-izlog.com\/accommodations\/apartment-32-lux\/ap32-11\/\" class=\"wp-image-638\" srcset=\"https:\/\/jahorinski-izlog.com\/wp-content\/uploads\/2020\/11\/ap32-11-1024x683.jpg 1024w, https:\/\/jahorinski-izlog.com\/wp-content\/uploads\/2020\/11\/ap32-11-300x200.jpg 300w, https:\/\/jahorinski-izlog.com\/wp-content\/uploads\/2020\/11\/ap32-11-768x512.jpg 768w, https:\/\/jahorinski-izlog.com\/wp-content\/uploads\/2020\/11\/ap32-11-16x12.jpg 16w, https:\/\/jahorinski-izlog.com\/wp-content\/uploads\/2020\/11\/ap32-11-1170x781.jpg 1170w, https:\/\/jahorinski-izlog.com\/wp-content\/uploads\/2020\/11\/ap32-11.jpg 1200w\" sizes=\"(max-width: 1024px) 100vw, 1024px\" \/><\/figure><\/li><li class=\"blocks-gallery-item\"><figure><img loading=\"lazy\" width=\"1024\" height=\"683\" src=\"https:\/\/jahorinski-izlog.com\/wp-content\/uploads\/2020\/11\/ap32-12-1024x683.jpg\" alt=\"\" data-id=\"639\" data-full-url=\"https:\/\/jahorinski-izlog.com\/wp-content\/uploads\/2020\/11\/ap32-12.jpg\" data-link=\"https:\/\/jahorinski-izlog.com\/accommodations\/apartment-32-lux\/ap32-12\/\" class=\"wp-image-639\" srcset=\"https:\/\/jahorinski-izlog.com\/wp-content\/uploads\/2020\/11\/ap32-12-1024x683.jpg 1024w, https:\/\/jahorinski-izlog.com\/wp-content\/uploads\/2020\/11\/ap32-12-300x200.jpg 300w, https:\/\/jahorinski-izlog.com\/wp-content\/uploads\/2020\/11\/ap32-12-768x512.jpg 768w, https:\/\/jahorinski-izlog.com\/wp-content\/uploads\/2020\/11\/ap32-12-16x12.jpg 16w, https:\/\/jahorinski-izlog.com\/wp-content\/uploads\/2020\/11\/ap32-12-1170x781.jpg 1170w, https:\/\/jahorinski-izlog.com\/wp-content\/uploads\/2020\/11\/ap32-12.jpg 1200w\" sizes=\"(max-width: 1024px) 100vw, 1024px\" \/><\/figure><\/li><li class=\"blocks-gallery-item\"><figure><img loading=\"lazy\" width=\"1024\" height=\"683\" src=\"https:\/\/jahorinski-izlog.com\/wp-content\/uploads\/2020\/11\/ap32-spavaca-1-1024x683.jpg\" alt=\"\" data-id=\"640\" data-full-url=\"https:\/\/jahorinski-izlog.com\/wp-content\/uploads\/2020\/11\/ap32-spavaca-1.jpg\" data-link=\"https:\/\/jahorinski-izlog.com\/accommodations\/apartment-32-lux\/ap32-spavaca-1\/\" class=\"wp-image-640\" srcset=\"https:\/\/jahorinski-izlog.com\/wp-content\/uploads\/2020\/11\/ap32-spavaca-1-1024x683.jpg 1024w, https:\/\/jahorinski-izlog.com\/wp-content\/uploads\/2020\/11\/ap32-spavaca-1-300x200.jpg 300w, https:\/\/jahorinski-izlog.com\/wp-content\/uploads\/2020\/11\/ap32-spavaca-1-768x512.jpg 768w, https:\/\/jahorinski-izlog.com\/wp-content\/uploads\/2020\/11\/ap32-spavaca-1-16x12.jpg 16w, https:\/\/jahorinski-izlog.com\/wp-content\/uploads\/2020\/11\/ap32-spavaca-1-1170x781.jpg 1170w, https:\/\/jahorinski-izlog.com\/wp-content\/uploads\/2020\/11\/ap32-spavaca-1.jpg 1200w\" sizes=\"(max-width: 1024px) 100vw, 1024px\" \/><\/figure><\/li><li class=\"blocks-gallery-item\"><figure><img loading=\"lazy\" width=\"1024\" height=\"683\" src=\"https:\/\/jahorinski-izlog.com\/wp-content\/uploads\/2020\/11\/ap32-spavaca-2-1024x683.jpg\" alt=\"\" data-id=\"641\" data-full-url=\"https:\/\/jahorinski-izlog.com\/wp-content\/uploads\/2020\/11\/ap32-spavaca-2.jpg\" data-link=\"https:\/\/jahorinski-izlog.com\/accommodations\/apartment-32-lux\/ap32-spavaca-2\/\" class=\"wp-image-641\" srcset=\"https:\/\/jahorinski-izlog.com\/wp-content\/uploads\/2020\/11\/ap32-spavaca-2-1024x683.jpg 1024w, https:\/\/jahorinski-izlog.com\/wp-content\/uploads\/2020\/11\/ap32-spavaca-2-300x200.jpg 300w, https:\/\/jahorinski-izlog.com\/wp-content\/uploads\/2020\/11\/ap32-spavaca-2-768x512.jpg 768w, https:\/\/jahorinski-izlog.com\/wp-content\/uploads\/2020\/11\/ap32-spavaca-2-16x12.jpg 16w, https:\/\/jahorinski-izlog.com\/wp-content\/uploads\/2020\/11\/ap32-spavaca-2-1170x781.jpg 1170w, https:\/\/jahorinski-izlog.com\/wp-content\/uploads\/2020\/11\/ap32-spavaca-2.jpg 1200w\" sizes=\"(max-width: 1024px) 100vw, 1024px\" \/><\/figure><\/li><\/ul><\/figure>\n\n\n<div role=\"form\" class=\"wpcf7\" id=\"wpcf7-f483-o1\" lang=\"en-US\" dir=\"ltr\">\n<div class=\"screen-reader-response\" role=\"alert\" aria-live=\"polite\"><\/div>\n<form action=\"\/sr\/wp-json\/wp\/v2\/pages\/467#wpcf7-f483-o1\" method=\"post\" class=\"wpcf7-form init\" novalidate=\"novalidate\" data-trp-original-action=\"\/sr\/wp-json\/wp\/v2\/pages\/467#wpcf7-f483-o1\">\n<div style=\"display: none;\">\n<input type=\"hidden\" name=\"_wpcf7\" value=\"483\" \/>\n<input type=\"hidden\" name=\"_wpcf7_version\" value=\"5.2.2\" \/>\n<input type=\"hidden\" name=\"_wpcf7_locale\" value=\"en_US\" \/>\n<input type=\"hidden\" name=\"_wpcf7_unit_tag\" value=\"wpcf7-f483-o1\" \/>\n<input type=\"hidden\" name=\"_wpcf7_container_post\" value=\"0\" \/>\n<input type=\"hidden\" name=\"_wpcf7_posted_data_hash\" value=\"\" \/>\n<\/div>\n<p>Rezervi\u0161ite Va\u0161 odmor<\/p>\n<p><label> Ime (Obavezno)<br \/>\n    <span class=\"wpcf7-form-control-wrap your-name\"><input type=\"text\" name=\"your-name\" value=\"\" size=\"40\" class=\"wpcf7-form-control wpcf7-text wpcf7-validates-as-required\" aria-required=\"true\" aria-invalid=\"false\" \/><\/span> <\/label><br \/>\n<label> Broj telefona \/ Viber \/ WhatsApp (Obavezno)<br \/>\n<span class=\"wpcf7-form-control-wrap tel-229\"><input type=\"tel\" name=\"tel-229\" value=\"\" size=\"40\" class=\"wpcf7-form-control wpcf7-text wpcf7-tel wpcf7-validates-as-required wpcf7-validates-as-tel\" aria-required=\"true\" aria-invalid=\"false\" \/><\/span><br \/>\n    <\/label><br \/>\n<label> Email (Obavezno)<br \/>\n    <span class=\"wpcf7-form-control-wrap your-email\"><input type=\"email\" name=\"your-email\" value=\"\" size=\"40\" class=\"wpcf7-form-control wpcf7-text wpcf7-email wpcf7-validates-as-required wpcf7-validates-as-email\" aria-required=\"true\" aria-invalid=\"false\" \/><\/span> <\/label><br \/>\n<label> Prijavljivanje<br \/>\n<span class=\"wpcf7-form-control-wrap date-863\"><input type=\"date\" name=\"date-863\" value=\"\" class=\"wpcf7-form-control wpcf7-date wpcf7-validates-as-date\" min=\"2020-12-01\" max=\"2021-03-31\" aria-invalid=\"false\" \/><\/span> <\/label><br \/>\n<label> Odjavljivanje<br \/>\n<span class=\"wpcf7-form-control-wrap date-864\"><input type=\"date\" name=\"date-864\" value=\"\" class=\"wpcf7-form-control wpcf7-date wpcf7-validates-as-date\" min=\"2020-12-01\" max=\"2021-03-31\" aria-invalid=\"false\" \/><\/span> <\/label><br \/>\nKako \u017eelite da Vas kontaktiramo<br \/>\n<span class=\"wpcf7-form-control-wrap checkbox-520\"><span class=\"wpcf7-form-control wpcf7-checkbox\"><span class=\"wpcf7-list-item first\"><label><input type=\"checkbox\" name=\"checkbox-520[]\" value=\"Viber\" \/><span class=\"wpcf7-list-item-label\">Viber<\/span><\/label><\/span><span class=\"wpcf7-list-item\"><label><input type=\"checkbox\" name=\"checkbox-520[]\" value=\"Whats App\" \/><span class=\"wpcf7-list-item-label\">Whats App<\/span><\/label><\/span><span class=\"wpcf7-list-item last\"><label><input type=\"checkbox\" name=\"checkbox-520[]\" value=\"Mobile Phone\" \/><span class=\"wpcf7-list-item-label\">Mobile Phone<\/span><\/label><\/span><\/span><\/span><br \/>\n<label> Poruka<br \/>\n    <span class=\"wpcf7-form-control-wrap your-message\"><textarea name=\"your-message\" cols=\"40\" rows=\"10\" class=\"wpcf7-form-control wpcf7-textarea\" aria-invalid=\"false\"><\/textarea><\/span> <\/label><\/p>\n<p><input type=\"submit\" value=\"Po\u0161alji\" class=\"wpcf7-form-control wpcf7-submit\" \/><\/p>\n<div class=\"wpcf7-response-output\" role=\"alert\" aria-hidden=\"true\"><\/div><input type=\"hidden\" name=\"trp-form-language\" value=\"sr\"\/><\/form><\/div>","protected":false},"excerpt":{"rendered":"<p>The most beautiful apartment on two floors. On the lower level are two bedrooms with a large double bed, a bathroom with a large tub overlooking the path. On the second floor there is a staircase where there is a living room with a fireplace, a sofa bed and a sofa bed, a kitchen and &hellip;<\/p>","protected":false},"author":1,"featured_media":0,"parent":437,"menu_order":0,"comment_status":"closed","ping_status":"closed","template":"","meta":[],"_links":{"self":[{"href":"https:\/\/jahorinski-izlog.com\/sr\/wp-json\/wp\/v2\/pages\/467"}],"collection":[{"href":"https:\/\/jahorinski-izlog.com\/sr\/wp-json\/wp\/v2\/pages"}],"about":[{"href":"https:\/\/jahorinski-izlog.com\/sr\/wp-json\/wp\/v2\/types\/page"}],"author":[{"embeddable":true,"href":"https:\/\/jahorinski-izlog.com\/sr\/wp-json\/wp\/v2\/users\/1"}],"replies":[{"embeddable":true,"href":"https:\/\/jahorinski-izlog.com\/sr\/wp-json\/wp\/v2\/comments?post=467"}],"version-history":[{"count":3,"href":"https:\/\/jahorinski-izlog.com\/sr\/wp-json\/wp\/v2\/pages\/467\/revisions"}],"predecessor-version":[{"id":643,"href":"https:\/\/jahorinski-izlog.com\/sr\/wp-json\/wp\/v2\/pages\/467\/revisions\/643"}],"up":[{"embeddable":true,"href":"https:\/\/jahorinski-izlog.com\/sr\/wp-json\/wp\/v2\/pages\/437"}],"wp:attachment":[{"href":"https:\/\/jahorinski-izlog.com\/sr\/wp-json\/wp\/v2\/media?parent=467"}],"curies":[{"name":"wp","href":"https:\/\/api.w.org\/{rel}","templated":true}]}}