{"id":470,"date":"2020-10-12T18:25:09","date_gmt":"2020-10-12T18:25:09","guid":{"rendered":"https:\/\/jahorinski-izlog.com\/?page_id=470"},"modified":"2020-11-04T14:49:53","modified_gmt":"2020-11-04T14:49:53","slug":"apartment-33","status":"publish","type":"page","link":"https:\/\/jahorinski-izlog.com\/sr\/accommodations\/apartment-33\/","title":{"rendered":"Apartman 33"},"content":{"rendered":"<p>Dnevni boravak sa trosedom na razvla\u010denje i foteljom na razvla\u010denje, spava\u0107a soba sa jednim singl le\u017eajem,kuhinja, kupatilo. Predvi\u0111en za poravak tri osobe \/ max 4.<\/p>\n\n\n\n<figure class=\"wp-block-gallery columns-3 is-cropped\"><ul class=\"blocks-gallery-grid\"><li class=\"blocks-gallery-item\"><figure><img loading=\"lazy\" width=\"1024\" height=\"683\" src=\"https:\/\/jahorinski-izlog.com\/wp-content\/uploads\/2020\/11\/ap33-1-1024x683.jpg\" alt=\"\" data-id=\"644\" data-full-url=\"https:\/\/jahorinski-izlog.com\/wp-content\/uploads\/2020\/11\/ap33-1.jpg\" data-link=\"https:\/\/jahorinski-izlog.com\/accommodations\/apartment-33\/ap33-1\/\" class=\"wp-image-644\" srcset=\"https:\/\/jahorinski-izlog.com\/wp-content\/uploads\/2020\/11\/ap33-1-1024x683.jpg 1024w, https:\/\/jahorinski-izlog.com\/wp-content\/uploads\/2020\/11\/ap33-1-300x200.jpg 300w, https:\/\/jahorinski-izlog.com\/wp-content\/uploads\/2020\/11\/ap33-1-768x512.jpg 768w, https:\/\/jahorinski-izlog.com\/wp-content\/uploads\/2020\/11\/ap33-1-16x12.jpg 16w, https:\/\/jahorinski-izlog.com\/wp-content\/uploads\/2020\/11\/ap33-1-1170x781.jpg 1170w, https:\/\/jahorinski-izlog.com\/wp-content\/uploads\/2020\/11\/ap33-1.jpg 1200w\" sizes=\"(max-width: 1024px) 100vw, 1024px\" \/><\/figure><\/li><li class=\"blocks-gallery-item\"><figure><img loading=\"lazy\" width=\"1024\" height=\"683\" src=\"https:\/\/jahorinski-izlog.com\/wp-content\/uploads\/2020\/11\/ap33-2-1024x683.jpg\" alt=\"\" data-id=\"645\" data-full-url=\"https:\/\/jahorinski-izlog.com\/wp-content\/uploads\/2020\/11\/ap33-2.jpg\" data-link=\"https:\/\/jahorinski-izlog.com\/accommodations\/apartment-33\/ap33-2\/\" class=\"wp-image-645\" srcset=\"https:\/\/jahorinski-izlog.com\/wp-content\/uploads\/2020\/11\/ap33-2-1024x683.jpg 1024w, https:\/\/jahorinski-izlog.com\/wp-content\/uploads\/2020\/11\/ap33-2-300x200.jpg 300w, https:\/\/jahorinski-izlog.com\/wp-content\/uploads\/2020\/11\/ap33-2-768x512.jpg 768w, https:\/\/jahorinski-izlog.com\/wp-content\/uploads\/2020\/11\/ap33-2-16x12.jpg 16w, https:\/\/jahorinski-izlog.com\/wp-content\/uploads\/2020\/11\/ap33-2-1170x781.jpg 1170w, https:\/\/jahorinski-izlog.com\/wp-content\/uploads\/2020\/11\/ap33-2.jpg 1200w\" sizes=\"(max-width: 1024px) 100vw, 1024px\" \/><\/figure><\/li><li class=\"blocks-gallery-item\"><figure><img loading=\"lazy\" width=\"1024\" height=\"683\" src=\"https:\/\/jahorinski-izlog.com\/wp-content\/uploads\/2020\/11\/ap33-3-1024x683.jpg\" alt=\"\" data-id=\"646\" data-full-url=\"https:\/\/jahorinski-izlog.com\/wp-content\/uploads\/2020\/11\/ap33-3.jpg\" data-link=\"https:\/\/jahorinski-izlog.com\/accommodations\/apartment-33\/ap33-3\/\" class=\"wp-image-646\" srcset=\"https:\/\/jahorinski-izlog.com\/wp-content\/uploads\/2020\/11\/ap33-3-1024x683.jpg 1024w, https:\/\/jahorinski-izlog.com\/wp-content\/uploads\/2020\/11\/ap33-3-300x200.jpg 300w, https:\/\/jahorinski-izlog.com\/wp-content\/uploads\/2020\/11\/ap33-3-768x512.jpg 768w, https:\/\/jahorinski-izlog.com\/wp-content\/uploads\/2020\/11\/ap33-3-16x12.jpg 16w, https:\/\/jahorinski-izlog.com\/wp-content\/uploads\/2020\/11\/ap33-3-1170x781.jpg 1170w, https:\/\/jahorinski-izlog.com\/wp-content\/uploads\/2020\/11\/ap33-3.jpg 1200w\" sizes=\"(max-width: 1024px) 100vw, 1024px\" \/><\/figure><\/li><li class=\"blocks-gallery-item\"><figure><img loading=\"lazy\" width=\"1024\" height=\"683\" src=\"https:\/\/jahorinski-izlog.com\/wp-content\/uploads\/2020\/11\/ap33-4-1024x683.jpg\" alt=\"\" data-id=\"647\" data-full-url=\"https:\/\/jahorinski-izlog.com\/wp-content\/uploads\/2020\/11\/ap33-4.jpg\" data-link=\"https:\/\/jahorinski-izlog.com\/accommodations\/apartment-33\/ap33-4\/\" class=\"wp-image-647\" srcset=\"https:\/\/jahorinski-izlog.com\/wp-content\/uploads\/2020\/11\/ap33-4-1024x683.jpg 1024w, https:\/\/jahorinski-izlog.com\/wp-content\/uploads\/2020\/11\/ap33-4-300x200.jpg 300w, https:\/\/jahorinski-izlog.com\/wp-content\/uploads\/2020\/11\/ap33-4-768x512.jpg 768w, https:\/\/jahorinski-izlog.com\/wp-content\/uploads\/2020\/11\/ap33-4-16x12.jpg 16w, https:\/\/jahorinski-izlog.com\/wp-content\/uploads\/2020\/11\/ap33-4-1170x781.jpg 1170w, https:\/\/jahorinski-izlog.com\/wp-content\/uploads\/2020\/11\/ap33-4.jpg 1200w\" sizes=\"(max-width: 1024px) 100vw, 1024px\" \/><\/figure><\/li><li class=\"blocks-gallery-item\"><figure><img loading=\"lazy\" width=\"1024\" height=\"683\" src=\"https:\/\/jahorinski-izlog.com\/wp-content\/uploads\/2020\/11\/ap33-5-1024x683.jpg\" alt=\"\" data-id=\"648\" data-full-url=\"https:\/\/jahorinski-izlog.com\/wp-content\/uploads\/2020\/11\/ap33-5.jpg\" data-link=\"https:\/\/jahorinski-izlog.com\/accommodations\/apartment-33\/ap33-5\/\" class=\"wp-image-648\" srcset=\"https:\/\/jahorinski-izlog.com\/wp-content\/uploads\/2020\/11\/ap33-5-1024x683.jpg 1024w, https:\/\/jahorinski-izlog.com\/wp-content\/uploads\/2020\/11\/ap33-5-300x200.jpg 300w, https:\/\/jahorinski-izlog.com\/wp-content\/uploads\/2020\/11\/ap33-5-768x512.jpg 768w, https:\/\/jahorinski-izlog.com\/wp-content\/uploads\/2020\/11\/ap33-5-16x12.jpg 16w, https:\/\/jahorinski-izlog.com\/wp-content\/uploads\/2020\/11\/ap33-5-1170x781.jpg 1170w, https:\/\/jahorinski-izlog.com\/wp-content\/uploads\/2020\/11\/ap33-5.jpg 1200w\" sizes=\"(max-width: 1024px) 100vw, 1024px\" \/><\/figure><\/li><li class=\"blocks-gallery-item\"><figure><img loading=\"lazy\" width=\"1024\" height=\"683\" src=\"https:\/\/jahorinski-izlog.com\/wp-content\/uploads\/2020\/11\/ap33-6-1024x683.jpg\" alt=\"\" data-id=\"649\" data-full-url=\"https:\/\/jahorinski-izlog.com\/wp-content\/uploads\/2020\/11\/ap33-6.jpg\" data-link=\"https:\/\/jahorinski-izlog.com\/accommodations\/apartment-33\/ap33-6\/\" class=\"wp-image-649\" srcset=\"https:\/\/jahorinski-izlog.com\/wp-content\/uploads\/2020\/11\/ap33-6-1024x683.jpg 1024w, https:\/\/jahorinski-izlog.com\/wp-content\/uploads\/2020\/11\/ap33-6-300x200.jpg 300w, https:\/\/jahorinski-izlog.com\/wp-content\/uploads\/2020\/11\/ap33-6-768x512.jpg 768w, https:\/\/jahorinski-izlog.com\/wp-content\/uploads\/2020\/11\/ap33-6-16x12.jpg 16w, https:\/\/jahorinski-izlog.com\/wp-content\/uploads\/2020\/11\/ap33-6-1170x781.jpg 1170w, https:\/\/jahorinski-izlog.com\/wp-content\/uploads\/2020\/11\/ap33-6.jpg 1200w\" sizes=\"(max-width: 1024px) 100vw, 1024px\" \/><\/figure><\/li><li class=\"blocks-gallery-item\"><figure><img loading=\"lazy\" width=\"1024\" height=\"683\" src=\"https:\/\/jahorinski-izlog.com\/wp-content\/uploads\/2020\/11\/ap33-7-1024x683.jpg\" alt=\"\" data-id=\"650\" data-full-url=\"https:\/\/jahorinski-izlog.com\/wp-content\/uploads\/2020\/11\/ap33-7.jpg\" data-link=\"https:\/\/jahorinski-izlog.com\/accommodations\/apartment-33\/ap33-7\/\" class=\"wp-image-650\" srcset=\"https:\/\/jahorinski-izlog.com\/wp-content\/uploads\/2020\/11\/ap33-7-1024x683.jpg 1024w, https:\/\/jahorinski-izlog.com\/wp-content\/uploads\/2020\/11\/ap33-7-300x200.jpg 300w, https:\/\/jahorinski-izlog.com\/wp-content\/uploads\/2020\/11\/ap33-7-768x512.jpg 768w, https:\/\/jahorinski-izlog.com\/wp-content\/uploads\/2020\/11\/ap33-7-16x12.jpg 16w, https:\/\/jahorinski-izlog.com\/wp-content\/uploads\/2020\/11\/ap33-7-1170x781.jpg 1170w, https:\/\/jahorinski-izlog.com\/wp-content\/uploads\/2020\/11\/ap33-7.jpg 1200w\" sizes=\"(max-width: 1024px) 100vw, 1024px\" \/><\/figure><\/li><\/ul><\/figure>\n\n\n<div role=\"form\" class=\"wpcf7\" id=\"wpcf7-f483-o1\" lang=\"en-US\" dir=\"ltr\">\n<div class=\"screen-reader-response\" role=\"alert\" aria-live=\"polite\"><\/div>\n<form action=\"\/sr\/wp-json\/wp\/v2\/pages\/470#wpcf7-f483-o1\" method=\"post\" class=\"wpcf7-form init\" novalidate=\"novalidate\" data-trp-original-action=\"\/sr\/wp-json\/wp\/v2\/pages\/470#wpcf7-f483-o1\">\n<div style=\"display: none;\">\n<input type=\"hidden\" name=\"_wpcf7\" value=\"483\" \/>\n<input type=\"hidden\" name=\"_wpcf7_version\" value=\"5.2.2\" \/>\n<input type=\"hidden\" name=\"_wpcf7_locale\" value=\"en_US\" \/>\n<input type=\"hidden\" name=\"_wpcf7_unit_tag\" value=\"wpcf7-f483-o1\" \/>\n<input type=\"hidden\" name=\"_wpcf7_container_post\" value=\"0\" \/>\n<input type=\"hidden\" name=\"_wpcf7_posted_data_hash\" value=\"\" \/>\n<\/div>\n<p>Rezervi\u0161ite Va\u0161 odmor<\/p>\n<p><label> Ime (Obavezno)<br \/>\n    <span class=\"wpcf7-form-control-wrap your-name\"><input type=\"text\" name=\"your-name\" value=\"\" size=\"40\" class=\"wpcf7-form-control wpcf7-text wpcf7-validates-as-required\" aria-required=\"true\" aria-invalid=\"false\" \/><\/span> <\/label><br \/>\n<label> Broj telefona \/ Viber \/ WhatsApp (Obavezno)<br \/>\n<span class=\"wpcf7-form-control-wrap tel-229\"><input type=\"tel\" name=\"tel-229\" value=\"\" size=\"40\" class=\"wpcf7-form-control wpcf7-text wpcf7-tel wpcf7-validates-as-required wpcf7-validates-as-tel\" aria-required=\"true\" aria-invalid=\"false\" \/><\/span><br \/>\n    <\/label><br \/>\n<label> Email (Obavezno)<br \/>\n    <span class=\"wpcf7-form-control-wrap your-email\"><input type=\"email\" name=\"your-email\" value=\"\" size=\"40\" class=\"wpcf7-form-control wpcf7-text wpcf7-email wpcf7-validates-as-required wpcf7-validates-as-email\" aria-required=\"true\" aria-invalid=\"false\" \/><\/span> <\/label><br \/>\n<label> Prijavljivanje<br \/>\n<span class=\"wpcf7-form-control-wrap date-863\"><input type=\"date\" name=\"date-863\" value=\"\" class=\"wpcf7-form-control wpcf7-date wpcf7-validates-as-date\" min=\"2020-12-01\" max=\"2021-03-31\" aria-invalid=\"false\" \/><\/span> <\/label><br \/>\n<label> Odjavljivanje<br \/>\n<span class=\"wpcf7-form-control-wrap date-864\"><input type=\"date\" name=\"date-864\" value=\"\" class=\"wpcf7-form-control wpcf7-date wpcf7-validates-as-date\" min=\"2020-12-01\" max=\"2021-03-31\" aria-invalid=\"false\" \/><\/span> <\/label><br \/>\nKako \u017eelite da Vas kontaktiramo<br \/>\n<span class=\"wpcf7-form-control-wrap checkbox-520\"><span class=\"wpcf7-form-control wpcf7-checkbox\"><span class=\"wpcf7-list-item first\"><label><input type=\"checkbox\" name=\"checkbox-520[]\" value=\"Viber\" \/><span class=\"wpcf7-list-item-label\">Viber<\/span><\/label><\/span><span class=\"wpcf7-list-item\"><label><input type=\"checkbox\" name=\"checkbox-520[]\" value=\"Whats App\" \/><span class=\"wpcf7-list-item-label\">Whats App<\/span><\/label><\/span><span class=\"wpcf7-list-item last\"><label><input type=\"checkbox\" name=\"checkbox-520[]\" value=\"Mobile Phone\" \/><span class=\"wpcf7-list-item-label\">Mobile Phone<\/span><\/label><\/span><\/span><\/span><br \/>\n<label> Poruka<br \/>\n    <span class=\"wpcf7-form-control-wrap your-message\"><textarea name=\"your-message\" cols=\"40\" rows=\"10\" class=\"wpcf7-form-control wpcf7-textarea\" aria-invalid=\"false\"><\/textarea><\/span> <\/label><\/p>\n<p><input type=\"submit\" value=\"Po\u0161alji\" class=\"wpcf7-form-control wpcf7-submit\" \/><\/p>\n<div class=\"wpcf7-response-output\" role=\"alert\" aria-hidden=\"true\"><\/div><input type=\"hidden\" name=\"trp-form-language\" value=\"sr\"\/><\/form><\/div>","protected":false},"excerpt":{"rendered":"<p>Dnevni boravak sa trosedom na razvla\u010denje i foteljom na razvla\u010denje, spava\u0107a soba sa jednim singl le\u017eajem,kuhinja, kupatilo. Predvi\u0111en za poravak tri osobe \/ max 4.<\/p>","protected":false},"author":1,"featured_media":0,"parent":437,"menu_order":0,"comment_status":"closed","ping_status":"closed","template":"","meta":[],"_links":{"self":[{"href":"https:\/\/jahorinski-izlog.com\/sr\/wp-json\/wp\/v2\/pages\/470"}],"collection":[{"href":"https:\/\/jahorinski-izlog.com\/sr\/wp-json\/wp\/v2\/pages"}],"about":[{"href":"https:\/\/jahorinski-izlog.com\/sr\/wp-json\/wp\/v2\/types\/page"}],"author":[{"embeddable":true,"href":"https:\/\/jahorinski-izlog.com\/sr\/wp-json\/wp\/v2\/users\/1"}],"replies":[{"embeddable":true,"href":"https:\/\/jahorinski-izlog.com\/sr\/wp-json\/wp\/v2\/comments?post=470"}],"version-history":[{"count":3,"href":"https:\/\/jahorinski-izlog.com\/sr\/wp-json\/wp\/v2\/pages\/470\/revisions"}],"predecessor-version":[{"id":651,"href":"https:\/\/jahorinski-izlog.com\/sr\/wp-json\/wp\/v2\/pages\/470\/revisions\/651"}],"up":[{"embeddable":true,"href":"https:\/\/jahorinski-izlog.com\/sr\/wp-json\/wp\/v2\/pages\/437"}],"wp:attachment":[{"href":"https:\/\/jahorinski-izlog.com\/sr\/wp-json\/wp\/v2\/media?parent=470"}],"curies":[{"name":"wp","href":"https:\/\/api.w.org\/{rel}","templated":true}]}}