{"id":71,"date":"2019-08-19T14:00:43","date_gmt":"2019-08-19T14:00:43","guid":{"rendered":"https:\/\/jahorinski-izlog.com\/?page_id=71"},"modified":"2020-11-04T08:15:38","modified_gmt":"2020-11-04T08:15:38","slug":"contact","status":"publish","type":"page","link":"https:\/\/jahorinski-izlog.com\/sr\/contact\/","title":{"rendered":"Kako do nas"},"content":{"rendered":"<h3>Malo vi\u0161e o nama<\/h3>\n\n\n\n<div class=\"wp-block-columns has-2-columns\">\n<div class=\"wp-block-column\">\n<p>Jahorinski IZLOG je moderan apartmanski smje\u0161taj sa najlijep\u0161im pogledom na centar Jahorine od kojeg je udaljen svega 80 metara i sa neposrednim pristupom na ski stazu Poljice. Novoizgradjeni objekat raspola\u017ee sa 16 luksuzno opremljenih apartmana. Kompletan enterijer i namje\u0161taj u apartmanima je originalno dizajniran, oboga\u0107en kaminima i sa puno prirodne hrastovine. Apartmani sadr\u017ee: odvojenu jednu ili dve spava\u0107e sobe, dnevni boravak sa opremljenom kuhinjom, kupatilo, Total TV i besplatan WiFi. U svim apartmanima je podno grejanje sa termostatom, gde gosti mogu sami pode\u0161avati temperaturu koja im odgovara. Lux apartmani imaju i kamin radi pravog planinskog ugo\u0111aja. U sklopu objekta se nalazi skija\u0161nica koju gosti mogu besplatno da koriste za odlaganje svoje ski opreme, kao i parking ispred objekta.<\/p>\n<\/div>\n\n\n\n<div class=\"wp-block-column\">\n<figure class=\"wp-block-image\"><a href=\"https:\/\/www.google.com\/maps\/place\/Jahorinski+IZLOG\/@43.7372664,18.5611365,17z\/data=!3m1!4b1!4m8!3m7!1s0x4758bf84038b7003:0xfabdf59264ac4488!5m2!4m1!1i2!8m2!3d43.7372664!4d18.5633252\" target=\"_blank\" rel=\"noreferrer noopener\"><img loading=\"lazy\" width=\"750\" height=\"530\" src=\"https:\/\/jahorinski-izlog.com\/wp-content\/uploads\/2019\/09\/ss-mapa.png\" alt=\"\" class=\"wp-image-160\" srcset=\"https:\/\/jahorinski-izlog.com\/wp-content\/uploads\/2019\/09\/ss-mapa.png 750w, https:\/\/jahorinski-izlog.com\/wp-content\/uploads\/2019\/09\/ss-mapa-300x212.png 300w\" sizes=\"(max-width: 750px) 100vw, 750px\" \/><\/a><\/figure>\n<\/div>\n<\/div>\n\n\n\n<div class=\"wp-block-button\"><a class=\"wp-block-button__link has-very-light-gray-color has-luminous-vivid-orange-background-color has-text-color has-background\" href=\"\/sr\/jahorinski-izlog\/accommodations\/\">Rezervi\u0161ite odmah!<\/a><\/div>","protected":false},"excerpt":{"rendered":"<p>Few words about us Jahorinski IZLOG is a modern apartment accommodation with the most beautiful view of the center of Jahorina, only 80 meters away and with direct access to the Poljice ski slope. The newly built facility has 16 luxuriously furnished apartments. The complete interior and furnishings of the apartments were originally designed, enriched &hellip;<\/p>","protected":false},"author":1,"featured_media":0,"parent":0,"menu_order":0,"comment_status":"closed","ping_status":"closed","template":"","meta":[],"_links":{"self":[{"href":"https:\/\/jahorinski-izlog.com\/sr\/wp-json\/wp\/v2\/pages\/71"}],"collection":[{"href":"https:\/\/jahorinski-izlog.com\/sr\/wp-json\/wp\/v2\/pages"}],"about":[{"href":"https:\/\/jahorinski-izlog.com\/sr\/wp-json\/wp\/v2\/types\/page"}],"author":[{"embeddable":true,"href":"https:\/\/jahorinski-izlog.com\/sr\/wp-json\/wp\/v2\/users\/1"}],"replies":[{"embeddable":true,"href":"https:\/\/jahorinski-izlog.com\/sr\/wp-json\/wp\/v2\/comments?post=71"}],"version-history":[{"count":6,"href":"https:\/\/jahorinski-izlog.com\/sr\/wp-json\/wp\/v2\/pages\/71\/revisions"}],"predecessor-version":[{"id":526,"href":"https:\/\/jahorinski-izlog.com\/sr\/wp-json\/wp\/v2\/pages\/71\/revisions\/526"}],"wp:attachment":[{"href":"https:\/\/jahorinski-izlog.com\/sr\/wp-json\/wp\/v2\/media?parent=71"}],"curies":[{"name":"wp","href":"https:\/\/api.w.org\/{rel}","templated":true}]}}